{"id":14904,"date":"2025-05-27T10:36:49","date_gmt":"2025-05-27T08:36:49","guid":{"rendered":"https:\/\/sandwirth.at\/?page_id=14904"},"modified":"2025-09-10T15:45:21","modified_gmt":"2025-09-10T13:45:21","slug":"holiday-apartments","status":"publish","type":"page","link":"https:\/\/sandwirth.at\/en\/rooms\/holiday-apartments\/","title":{"rendered":"Holiday Apartments"},"content":{"rendered":"<p><div class=\"fusion-fullwidth fullwidth-box fusion-builder-row-1 nonhundred-percent-fullwidth non-hundred-percent-height-scrolling\" style=\"--awb-border-radius-top-left:0px;--awb-border-radius-top-right:0px;--awb-border-radius-bottom-right:0px;--awb-border-radius-bottom-left:0px;--awb-margin-top:30px;--awb-flex-wrap:wrap;\" ><div class=\"fusion-builder-row fusion-row\"><div class=\"fusion-layout-column fusion_builder_column fusion-builder-column-0 fusion_builder_column_1_1 1_1 fusion-one-full fusion-column-first fusion-column-last\" style=\"--awb-bg-blend:overlay;--awb-bg-size:cover;--awb-margin-bottom:40px;\"><div class=\"fusion-column-wrapper fusion-column-has-shadow fusion-flex-column-wrapper-legacy\"><div class=\"fusion-text fusion-text-1\"><h1 class=\"fusion-responsive-typography-calculated\" style=\"text-align: center; --fontsize: 34; line-height: 1.4;\" data-fontsize=\"34\" data-lineheight=\"47.6px\">Holiday Apartments on Lake W\u00f6rthersee<\/h1>\n<\/div><div class=\"fusion-text fusion-text-2\"><p style=\"text-align: center;\">With its turquoise waters and unique Alpe-Adria flair, Lake W\u00f6rthersee has always attracted connoisseurs and those seeking relaxation. Our holiday apartments offer you the perfect starting point to discover the diversity of this unique region \u2013 from glamorous events to quiet, hidden bays.<\/p>\n<\/div><div class=\"fusion-image-element fusion-image-align-center in-legacy-container\" style=\"text-align:center;--awb-max-width:100px;--awb-caption-title-font-family:var(--h2_typography-font-family);--awb-caption-title-font-weight:var(--h2_typography-font-weight);--awb-caption-title-font-style:var(--h2_typography-font-style);--awb-caption-title-size:var(--h2_typography-font-size);--awb-caption-title-transform:var(--h2_typography-text-transform);--awb-caption-title-line-height:var(--h2_typography-line-height);--awb-caption-title-letter-spacing:var(--h2_typography-letter-spacing);\"><div class=\"imageframe-align-center\"><span class=\" fusion-imageframe imageframe-none imageframe-1 hover-type-none\"><img loading=\"lazy\" decoding=\"async\" width=\"217\" height=\"32\" alt=\"Karomuster\" title=\"karo\" src=\"https:\/\/sandwirth.at\/wp-content\/uploads\/2019\/04\/karo.png\" class=\"img-responsive wp-image-2742\" srcset=\"https:\/\/sandwirth.at\/wp-content\/uploads\/2019\/04\/karo-200x29.png 200w, https:\/\/sandwirth.at\/wp-content\/uploads\/2019\/04\/karo.png 217w\" sizes=\"auto, (max-width: 800px) 100vw, 217px\" \/><\/span><\/div><\/div><div class=\"fusion-clearfix\"><\/div><\/div><\/div><\/div><\/div><div class=\"fusion-fullwidth fullwidth-box fusion-builder-row-2 nonhundred-percent-fullwidth non-hundred-percent-height-scrolling fusion-equal-height-columns\" style=\"--awb-border-radius-top-left:0px;--awb-border-radius-top-right:0px;--awb-border-radius-bottom-right:0px;--awb-border-radius-bottom-left:0px;--awb-flex-wrap:wrap;\" ><div class=\"fusion-builder-row fusion-row\"><div class=\"fusion-layout-column fusion_builder_column fusion-builder-column-1 fusion_builder_column_1_3 1_3 fusion-one-third fusion-column-first\" style=\"--awb-padding-bottom:30px;--awb-bg-color:#eceae4;--awb-bg-color-hover:#eceae4;--awb-bg-size:cover;width:33.333333333333%;width:calc(33.333333333333% - ( ( 4% + 4% ) * 0.33333333333333 ) );margin-right: 4%;\"><div class=\"fusion-column-wrapper fusion-column-has-shadow fusion-flex-column-wrapper-legacy\"><div class=\"fusion-image-element fusion-image-align-center in-legacy-container\" style=\"text-align:center;--awb-caption-title-font-family:var(--h2_typography-font-family);--awb-caption-title-font-weight:var(--h2_typography-font-weight);--awb-caption-title-font-style:var(--h2_typography-font-style);--awb-caption-title-size:var(--h2_typography-font-size);--awb-caption-title-transform:var(--h2_typography-text-transform);--awb-caption-title-line-height:var(--h2_typography-line-height);--awb-caption-title-letter-spacing:var(--h2_typography-letter-spacing);\"><div class=\"imageframe-align-center\"><span class=\" fusion-imageframe imageframe-none imageframe-2 hover-type-none\"><img loading=\"lazy\" decoding=\"async\" width=\"600\" height=\"400\" title=\"terrassen\" src=\"https:\/\/sandwirth.at\/wp-content\/uploads\/2025\/05\/terrassen.jpg\" alt class=\"img-responsive wp-image-14959\" srcset=\"https:\/\/sandwirth.at\/wp-content\/uploads\/2025\/05\/terrassen-200x133.jpg 200w, https:\/\/sandwirth.at\/wp-content\/uploads\/2025\/05\/terrassen-400x267.jpg 400w, https:\/\/sandwirth.at\/wp-content\/uploads\/2025\/05\/terrassen.jpg 600w\" sizes=\"auto, (max-width: 800px) 100vw, 400px\" \/><\/span><\/div><\/div><div class=\"fusion-builder-row fusion-builder-row-inner fusion-row\"><div class=\"fusion-layout-column fusion_builder_column_inner fusion-builder-nested-column-0 fusion_builder_column_inner_1_1 1_1 fusion-one-full fusion-column-first fusion-column-last nestedcolumn\" style=\"--awb-padding-top:15px;--awb-padding-right:12px;--awb-padding-bottom:25px;--awb-padding-left:12px;--awb-bg-color:#ffffff;--awb-bg-color-hover:#ffffff;--awb-bg-size:cover;--awb-margin-bottom:0px;\"><div class=\"fusion-column-wrapper fusion-column-has-shadow fusion-flex-column-wrapper-legacy\"><div class=\"fusion-text fusion-text-3\"><h3 style=\"text-align: center;\">Holiday Apartments<br \/>\nKrumpendorf on Lake W\u00f6rthersee<\/h3>\n<h3 style=\"text-align: center;\"><\/h3>\n<h3 style=\"text-align: center;\"><\/h3>\n<\/div><div class=\"fusion-sep-clear\"><\/div><div class=\"fusion-separator\" style=\"margin-left: auto;margin-right: auto;margin-bottom:15px;width:100%;max-width:80px;\"><div class=\"fusion-separator-border sep-single sep-solid\" style=\"--awb-height:20px;--awb-amount:20px;--awb-sep-color:#370f14;border-color:#370f14;border-top-width:2px;\"><\/div><\/div><div class=\"fusion-sep-clear\"><\/div><div class=\"fusion-text fusion-text-4\"><div class=\"fusion-li-item-content\">\n<p style=\"text-align: center;\">Double bungalow with 2 flats<br \/>\nTerrace &amp; private beach<br \/>\nMax. 8 people (4 per flat)<\/p>\n<\/div>\n<\/div><div class=\"fusion-text fusion-text-5\"><p style=\"text-align: center; color: #e6372d; font-weight: 600;\">from \u20ac 250,- \/ night<\/p>\n<\/div><div class=\"fusion-aligncenter\"><a class=\"fusion-button button-flat fusion-button-default-size button-custom fusion-button-default button-1 fusion-button-default-span fusion-button-default-type\" style=\"--button_accent_color:#ffffff;--button_accent_hover_color:#ffffff;--button_border_hover_color:#ffffff;--button_gradient_top_color:#370f14;--button_gradient_bottom_color:#370f14;--button_gradient_top_color_hover:#370f14;--button_gradient_bottom_color_hover:#370f14;\" target=\"_self\" href=\"https:\/\/sandwirth.at\/en\/rooms\/apartment-krumpendorf-woerthersee\/\"><span class=\"fusion-button-text awb-button__text awb-button__text--default\">LEARN MORE<\/span><\/a><\/div><div class=\"fusion-clearfix\"><\/div><\/div><\/div><\/div><div class=\"fusion-clearfix\"><\/div><\/div><\/div><div class=\"fusion-layout-column fusion_builder_column fusion-builder-column-2 fusion_builder_column_1_3 1_3 fusion-one-third\" style=\"--awb-padding-bottom:30px;--awb-bg-color:#eceae4;--awb-bg-color-hover:#eceae4;--awb-bg-size:cover;width:33.333333333333%;width:calc(33.333333333333% - ( ( 4% + 4% ) * 0.33333333333333 ) );margin-right: 4%;\"><div class=\"fusion-column-wrapper fusion-column-has-shadow fusion-flex-column-wrapper-legacy\"><div class=\"fusion-image-element fusion-image-align-center in-legacy-container\" style=\"text-align:center;--awb-caption-title-font-family:var(--h2_typography-font-family);--awb-caption-title-font-weight:var(--h2_typography-font-weight);--awb-caption-title-font-style:var(--h2_typography-font-style);--awb-caption-title-size:var(--h2_typography-font-size);--awb-caption-title-transform:var(--h2_typography-text-transform);--awb-caption-title-line-height:var(--h2_typography-line-height);--awb-caption-title-letter-spacing:var(--h2_typography-letter-spacing);\"><div class=\"imageframe-align-center\"><span class=\" fusion-imageframe imageframe-none imageframe-3 hover-type-none\"><img loading=\"lazy\" decoding=\"async\" width=\"600\" height=\"400\" alt=\"Balkon mit Seeblick\" title=\"balkon\" src=\"https:\/\/sandwirth.at\/wp-content\/uploads\/2025\/06\/balkon.jpg\" class=\"img-responsive wp-image-15289\" srcset=\"https:\/\/sandwirth.at\/wp-content\/uploads\/2025\/06\/balkon-200x133.jpg 200w, https:\/\/sandwirth.at\/wp-content\/uploads\/2025\/06\/balkon-400x267.jpg 400w, https:\/\/sandwirth.at\/wp-content\/uploads\/2025\/06\/balkon.jpg 600w\" sizes=\"auto, (max-width: 800px) 100vw, 400px\" \/><\/span><\/div><\/div><div class=\"fusion-builder-row fusion-builder-row-inner fusion-row\"><div class=\"fusion-layout-column fusion_builder_column_inner fusion-builder-nested-column-1 fusion_builder_column_inner_1_1 1_1 fusion-one-full fusion-column-first fusion-column-last nestedcolumn\" style=\"--awb-padding-top:15px;--awb-padding-right:12px;--awb-padding-bottom:25px;--awb-padding-left:12px;--awb-bg-color:#ffffff;--awb-bg-color-hover:#ffffff;--awb-bg-size:cover;--awb-margin-bottom:0px;\"><div class=\"fusion-column-wrapper fusion-column-has-shadow fusion-flex-column-wrapper-legacy\"><div class=\"fusion-text fusion-text-6\"><h3 style=\"text-align: center;\">see.punkt Holiday Apartments<br \/>\nT\u00f6schling on Lake W\u00f6rthersee<\/h3>\n<h3 style=\"text-align: center;\"><\/h3>\n<h3 style=\"text-align: center;\"><\/h3>\n<\/div><div class=\"fusion-sep-clear\"><\/div><div class=\"fusion-separator\" style=\"margin-left: auto;margin-right: auto;margin-bottom:15px;width:100%;max-width:80px;\"><div class=\"fusion-separator-border sep-single sep-solid\" style=\"--awb-height:20px;--awb-amount:20px;--awb-sep-color:#370f14;border-color:#370f14;border-top-width:2px;\"><\/div><\/div><div class=\"fusion-sep-clear\"><\/div><div class=\"fusion-text fusion-text-7\"><div class=\"fusion-li-item-content\">\n<p style=\"text-align: center;\">7 units in various sizes<br \/>\nPublic bathing areas and train station nearby<br \/>\n2-6 people<\/p>\n<p style=\"text-align: center;\">\n<\/div>\n<\/div><div class=\"fusion-text fusion-text-8\"><p style=\"text-align: center; color: #e6372d; font-weight: 600;\">from \u20ac 140,- \/ night<\/p>\n<\/div><div class=\"fusion-aligncenter\"><a class=\"fusion-button button-flat fusion-button-default-size button-custom fusion-button-default button-2 fusion-button-default-span fusion-button-default-type\" style=\"--button_accent_color:#ffffff;--button_accent_hover_color:#ffffff;--button_border_hover_color:#ffffff;--button_gradient_top_color:#370f14;--button_gradient_bottom_color:#370f14;--button_gradient_top_color_hover:#370f14;--button_gradient_bottom_color_hover:#370f14;\" target=\"_self\" href=\"https:\/\/sandwirth.at\/en\/rooms\/holiday-apartments\/holiday-apartments-see-punkt\/\"><span class=\"fusion-button-text awb-button__text awb-button__text--default\">LEARN MORE<\/span><\/a><\/div><div class=\"fusion-clearfix\"><\/div><\/div><\/div><\/div><div class=\"fusion-clearfix\"><\/div><\/div><\/div><div class=\"fusion-layout-column fusion_builder_column fusion-builder-column-3 fusion_builder_column_1_3 1_3 fusion-one-third fusion-column-last\" style=\"--awb-padding-bottom:30px;--awb-bg-color:#eceae4;--awb-bg-color-hover:#eceae4;--awb-bg-size:cover;width:33.333333333333%;width:calc(33.333333333333% - ( ( 4% + 4% ) * 0.33333333333333 ) );\"><div class=\"fusion-column-wrapper fusion-column-has-shadow fusion-flex-column-wrapper-legacy\"><div class=\"fusion-image-element fusion-image-align-center in-legacy-container\" style=\"text-align:center;--awb-caption-title-font-family:var(--h2_typography-font-family);--awb-caption-title-font-weight:var(--h2_typography-font-weight);--awb-caption-title-font-style:var(--h2_typography-font-style);--awb-caption-title-size:var(--h2_typography-font-size);--awb-caption-title-transform:var(--h2_typography-text-transform);--awb-caption-title-line-height:var(--h2_typography-line-height);--awb-caption-title-letter-spacing:var(--h2_typography-letter-spacing);\"><div class=\"imageframe-align-center\"><span class=\" fusion-imageframe imageframe-none imageframe-4 hover-type-none\"><img loading=\"lazy\" decoding=\"async\" width=\"600\" height=\"400\" title=\"rocky_aussicht\" src=\"https:\/\/sandwirth.at\/wp-content\/uploads\/2025\/08\/rocky_aussicht.jpg\" alt class=\"img-responsive wp-image-15478\" srcset=\"https:\/\/sandwirth.at\/wp-content\/uploads\/2025\/08\/rocky_aussicht-200x133.jpg 200w, https:\/\/sandwirth.at\/wp-content\/uploads\/2025\/08\/rocky_aussicht-400x267.jpg 400w, https:\/\/sandwirth.at\/wp-content\/uploads\/2025\/08\/rocky_aussicht.jpg 600w\" sizes=\"auto, (max-width: 800px) 100vw, 400px\" \/><\/span><\/div><\/div><div class=\"fusion-builder-row fusion-builder-row-inner fusion-row\"><div class=\"fusion-layout-column fusion_builder_column_inner fusion-builder-nested-column-2 fusion_builder_column_inner_1_1 1_1 fusion-one-full fusion-column-first fusion-column-last nestedcolumn\" style=\"--awb-padding-top:15px;--awb-padding-right:12px;--awb-padding-bottom:25px;--awb-padding-left:12px;--awb-bg-color:#ffffff;--awb-bg-color-hover:#ffffff;--awb-bg-size:cover;--awb-margin-bottom:0px;\"><div class=\"fusion-column-wrapper fusion-column-has-shadow fusion-flex-column-wrapper-legacy\"><div class=\"fusion-text fusion-text-9\"><h3 style=\"text-align: center;\">Rocky Lake Holiday Apartments<br \/>\nT\u00f6schling on Lake W\u00f6rthersee<\/h3>\n<h3 style=\"text-align: center;\"><\/h3>\n<h3 style=\"text-align: center;\"><\/h3>\n<\/div><div class=\"fusion-sep-clear\"><\/div><div class=\"fusion-separator\" style=\"margin-left: auto;margin-right: auto;margin-bottom:15px;width:100%;max-width:80px;\"><div class=\"fusion-separator-border sep-single sep-solid\" style=\"--awb-height:20px;--awb-amount:20px;--awb-sep-color:#370f14;border-color:#370f14;border-top-width:2px;\"><\/div><\/div><div class=\"fusion-sep-clear\"><\/div><div class=\"fusion-text fusion-text-10\"><div class=\"fusion-li-item-content\">\n<p style=\"text-align: center;\">3\u00a0 apartments<br \/>\nDirectly on the lake<br \/>\nMax. 4 persons<\/p>\n<p style=\"text-align: center;\">\n<\/div>\n<\/div><div class=\"fusion-text fusion-text-11\"><p style=\"text-align: center; color: #e6372d; font-weight: 600;\">from \u20ac 180,- \/ night<\/p>\n<\/div><div class=\"fusion-aligncenter\"><a class=\"fusion-button button-flat fusion-button-default-size button-custom fusion-button-default button-3 fusion-button-default-span fusion-button-default-type\" style=\"--button_accent_color:#ffffff;--button_accent_hover_color:#ffffff;--button_border_hover_color:#ffffff;--button_gradient_top_color:#370f14;--button_gradient_bottom_color:#370f14;--button_gradient_top_color_hover:#370f14;--button_gradient_bottom_color_hover:#370f14;\" target=\"_self\" href=\"https:\/\/sandwirth.at\/en\/rooms\/holiday-apartments\/apartments-rocky-lake\/\"><span class=\"fusion-button-text awb-button__text awb-button__text--default\">LEARN MORE<\/span><\/a><\/div><div class=\"fusion-clearfix\"><\/div><\/div><\/div><\/div><div class=\"fusion-clearfix\"><\/div><\/div><\/div><\/div><\/div><\/p>\n","protected":false},"excerpt":{"rendered":"","protected":false},"author":104,"featured_media":0,"parent":4122,"menu_order":0,"comment_status":"closed","ping_status":"closed","template":"","meta":{"footnotes":""},"class_list":["post-14904","page","type-page","status-publish","hentry"],"yoast_head":"<!-- This site is optimized with the Yoast SEO plugin v27.5 - https:\/\/yoast.com\/product\/yoast-seo-wordpress\/ -->\n<title>Holiday Apartments on Lake W\u00f6rthersee<\/title>\n<meta name=\"description\" content=\"Our holiday apartments on Lake W\u00f6rthersee! You will find comfortable apartments from Krumpendorf to T\u00f6schling. Find out more now!\" \/>\n<meta name=\"robots\" content=\"index, follow, max-snippet:-1, max-image-preview:large, max-video-preview:-1\" \/>\n<link rel=\"canonical\" href=\"https:\/\/sandwirth.at\/en\/rooms\/holiday-apartments\/\" \/>\n<meta property=\"og:locale\" content=\"en_US\" \/>\n<meta property=\"og:type\" content=\"article\" \/>\n<meta property=\"og:title\" content=\"Holiday Apartments on Lake W\u00f6rthersee\" \/>\n<meta property=\"og:description\" content=\"Our holiday apartments on Lake W\u00f6rthersee! You will find comfortable apartments from Krumpendorf to T\u00f6schling. Find out more now!\" \/>\n<meta property=\"og:url\" content=\"https:\/\/sandwirth.at\/en\/rooms\/holiday-apartments\/\" \/>\n<meta property=\"og:site_name\" content=\"Der Sandwirth\" \/>\n<meta property=\"article:publisher\" content=\"https:\/\/www.facebook.com\/derSandwirth\" \/>\n<meta property=\"article:modified_time\" content=\"2025-09-10T13:45:21+00:00\" \/>\n<meta name=\"twitter:card\" content=\"summary_large_image\" \/>\n<meta name=\"twitter:label1\" content=\"Est. reading time\" \/>\n\t<meta name=\"twitter:data1\" content=\"2 minutes\" \/>\n<script type=\"application\/ld+json\" class=\"yoast-schema-graph\">{\"@context\":\"https:\\\/\\\/schema.org\",\"@graph\":[{\"@type\":\"WebPage\",\"@id\":\"https:\\\/\\\/sandwirth.at\\\/en\\\/rooms\\\/holiday-apartments\\\/\",\"url\":\"https:\\\/\\\/sandwirth.at\\\/en\\\/rooms\\\/holiday-apartments\\\/\",\"name\":\"Holiday Apartments on Lake W\u00f6rthersee\",\"isPartOf\":{\"@id\":\"https:\\\/\\\/sandwirth.at\\\/#website\"},\"datePublished\":\"2025-05-27T08:36:49+00:00\",\"dateModified\":\"2025-09-10T13:45:21+00:00\",\"description\":\"Our holiday apartments on Lake W\u00f6rthersee! You will find comfortable apartments from Krumpendorf to T\u00f6schling. Find out more now!\",\"breadcrumb\":{\"@id\":\"https:\\\/\\\/sandwirth.at\\\/en\\\/rooms\\\/holiday-apartments\\\/#breadcrumb\"},\"inLanguage\":\"en-US\",\"potentialAction\":[{\"@type\":\"ReadAction\",\"target\":[\"https:\\\/\\\/sandwirth.at\\\/en\\\/rooms\\\/holiday-apartments\\\/\"]}]},{\"@type\":\"BreadcrumbList\",\"@id\":\"https:\\\/\\\/sandwirth.at\\\/en\\\/rooms\\\/holiday-apartments\\\/#breadcrumb\",\"itemListElement\":[{\"@type\":\"ListItem\",\"position\":1,\"name\":\"Home\",\"item\":\"https:\\\/\\\/sandwirth.at\\\/en\\\/\"},{\"@type\":\"ListItem\",\"position\":2,\"name\":\"Rooms &#038; Prices\",\"item\":\"https:\\\/\\\/sandwirth.at\\\/en\\\/rooms\\\/\"},{\"@type\":\"ListItem\",\"position\":3,\"name\":\"Holiday Apartments\"}]},{\"@type\":\"WebSite\",\"@id\":\"https:\\\/\\\/sandwirth.at\\\/#website\",\"url\":\"https:\\\/\\\/sandwirth.at\\\/\",\"name\":\"Der Sandwirth\",\"description\":\"Hotel in Klagenfurt am W\u00f6rthersee\",\"publisher\":{\"@id\":\"https:\\\/\\\/sandwirth.at\\\/#organization\"},\"potentialAction\":[{\"@type\":\"SearchAction\",\"target\":{\"@type\":\"EntryPoint\",\"urlTemplate\":\"https:\\\/\\\/sandwirth.at\\\/?s={search_term_string}\"},\"query-input\":{\"@type\":\"PropertyValueSpecification\",\"valueRequired\":true,\"valueName\":\"search_term_string\"}}],\"inLanguage\":\"en-US\"},{\"@type\":\"Organization\",\"@id\":\"https:\\\/\\\/sandwirth.at\\\/#organization\",\"name\":\"Der Sandwirth\",\"url\":\"https:\\\/\\\/sandwirth.at\\\/\",\"logo\":{\"@type\":\"ImageObject\",\"inLanguage\":\"en-US\",\"@id\":\"https:\\\/\\\/sandwirth.at\\\/#\\\/schema\\\/logo\\\/image\\\/\",\"url\":\"https:\\\/\\\/sandwirth.at\\\/wp-content\\\/uploads\\\/2019\\\/04\\\/sw-logo.png\",\"contentUrl\":\"https:\\\/\\\/sandwirth.at\\\/wp-content\\\/uploads\\\/2019\\\/04\\\/sw-logo.png\",\"width\":1172,\"height\":415,\"caption\":\"Der Sandwirth\"},\"image\":{\"@id\":\"https:\\\/\\\/sandwirth.at\\\/#\\\/schema\\\/logo\\\/image\\\/\"},\"sameAs\":[\"https:\\\/\\\/www.facebook.com\\\/derSandwirth\",\"https:\\\/\\\/www.instagram.com\\\/der_sandwirth\\\/\"]}]}<\/script>\n<!-- \/ Yoast SEO plugin. -->","yoast_head_json":{"title":"Holiday Apartments on Lake W\u00f6rthersee","description":"Our holiday apartments on Lake W\u00f6rthersee! You will find comfortable apartments from Krumpendorf to T\u00f6schling. Find out more now!","robots":{"index":"index","follow":"follow","max-snippet":"max-snippet:-1","max-image-preview":"max-image-preview:large","max-video-preview":"max-video-preview:-1"},"canonical":"https:\/\/sandwirth.at\/en\/rooms\/holiday-apartments\/","og_locale":"en_US","og_type":"article","og_title":"Holiday Apartments on Lake W\u00f6rthersee","og_description":"Our holiday apartments on Lake W\u00f6rthersee! You will find comfortable apartments from Krumpendorf to T\u00f6schling. Find out more now!","og_url":"https:\/\/sandwirth.at\/en\/rooms\/holiday-apartments\/","og_site_name":"Der Sandwirth","article_publisher":"https:\/\/www.facebook.com\/derSandwirth","article_modified_time":"2025-09-10T13:45:21+00:00","twitter_card":"summary_large_image","twitter_misc":{"Est. reading time":"2 minutes"},"schema":{"@context":"https:\/\/schema.org","@graph":[{"@type":"WebPage","@id":"https:\/\/sandwirth.at\/en\/rooms\/holiday-apartments\/","url":"https:\/\/sandwirth.at\/en\/rooms\/holiday-apartments\/","name":"Holiday Apartments on Lake W\u00f6rthersee","isPartOf":{"@id":"https:\/\/sandwirth.at\/#website"},"datePublished":"2025-05-27T08:36:49+00:00","dateModified":"2025-09-10T13:45:21+00:00","description":"Our holiday apartments on Lake W\u00f6rthersee! You will find comfortable apartments from Krumpendorf to T\u00f6schling. Find out more now!","breadcrumb":{"@id":"https:\/\/sandwirth.at\/en\/rooms\/holiday-apartments\/#breadcrumb"},"inLanguage":"en-US","potentialAction":[{"@type":"ReadAction","target":["https:\/\/sandwirth.at\/en\/rooms\/holiday-apartments\/"]}]},{"@type":"BreadcrumbList","@id":"https:\/\/sandwirth.at\/en\/rooms\/holiday-apartments\/#breadcrumb","itemListElement":[{"@type":"ListItem","position":1,"name":"Home","item":"https:\/\/sandwirth.at\/en\/"},{"@type":"ListItem","position":2,"name":"Rooms &#038; Prices","item":"https:\/\/sandwirth.at\/en\/rooms\/"},{"@type":"ListItem","position":3,"name":"Holiday Apartments"}]},{"@type":"WebSite","@id":"https:\/\/sandwirth.at\/#website","url":"https:\/\/sandwirth.at\/","name":"Der Sandwirth","description":"Hotel in Klagenfurt am W\u00f6rthersee","publisher":{"@id":"https:\/\/sandwirth.at\/#organization"},"potentialAction":[{"@type":"SearchAction","target":{"@type":"EntryPoint","urlTemplate":"https:\/\/sandwirth.at\/?s={search_term_string}"},"query-input":{"@type":"PropertyValueSpecification","valueRequired":true,"valueName":"search_term_string"}}],"inLanguage":"en-US"},{"@type":"Organization","@id":"https:\/\/sandwirth.at\/#organization","name":"Der Sandwirth","url":"https:\/\/sandwirth.at\/","logo":{"@type":"ImageObject","inLanguage":"en-US","@id":"https:\/\/sandwirth.at\/#\/schema\/logo\/image\/","url":"https:\/\/sandwirth.at\/wp-content\/uploads\/2019\/04\/sw-logo.png","contentUrl":"https:\/\/sandwirth.at\/wp-content\/uploads\/2019\/04\/sw-logo.png","width":1172,"height":415,"caption":"Der Sandwirth"},"image":{"@id":"https:\/\/sandwirth.at\/#\/schema\/logo\/image\/"},"sameAs":["https:\/\/www.facebook.com\/derSandwirth","https:\/\/www.instagram.com\/der_sandwirth\/"]}]}},"_links":{"self":[{"href":"https:\/\/sandwirth.at\/en\/wp-json\/wp\/v2\/pages\/14904","targetHints":{"allow":["GET"]}}],"collection":[{"href":"https:\/\/sandwirth.at\/en\/wp-json\/wp\/v2\/pages"}],"about":[{"href":"https:\/\/sandwirth.at\/en\/wp-json\/wp\/v2\/types\/page"}],"author":[{"embeddable":true,"href":"https:\/\/sandwirth.at\/en\/wp-json\/wp\/v2\/users\/104"}],"replies":[{"embeddable":true,"href":"https:\/\/sandwirth.at\/en\/wp-json\/wp\/v2\/comments?post=14904"}],"version-history":[{"count":0,"href":"https:\/\/sandwirth.at\/en\/wp-json\/wp\/v2\/pages\/14904\/revisions"}],"up":[{"embeddable":true,"href":"https:\/\/sandwirth.at\/en\/wp-json\/wp\/v2\/pages\/4122"}],"wp:attachment":[{"href":"https:\/\/sandwirth.at\/en\/wp-json\/wp\/v2\/media?parent=14904"}],"curies":[{"name":"wp","href":"https:\/\/api.w.org\/{rel}","templated":true}]}}