{"id":3966,"date":"2019-04-29T13:05:20","date_gmt":"2019-04-29T11:05:20","guid":{"rendered":"https:\/\/sandwirth.at\/mittag-abendessen\/"},"modified":"2026-01-12T08:48:56","modified_gmt":"2026-01-12T07:48:56","slug":"lunch-dinner","status":"publish","type":"page","link":"https:\/\/sandwirth.at\/en\/lunch-dinner\/","title":{"rendered":"Lunch &#038; Dinner"},"content":{"rendered":"<p><div class=\"fusion-fullwidth fullwidth-box fusion-builder-row-1 hundred-percent-fullwidth non-hundred-percent-height-scrolling fusion-equal-height-columns\" style=\"--awb-border-radius-top-left:0px;--awb-border-radius-top-right:0px;--awb-border-radius-bottom-right:0px;--awb-border-radius-bottom-left:0px;--awb-padding-top:0px;--awb-padding-right:0px;--awb-padding-bottom:50px;--awb-padding-left:0px;--awb-flex-wrap:wrap;\" ><div class=\"fusion-builder-row fusion-row\"><div class=\"fusion-layout-column fusion_builder_column fusion-builder-column-0 fusion_builder_column_1_4 1_4 fusion-one-fourth fusion-column-first fusion-no-small-visibility fusion-no-medium-visibility fusion-animated\" style=\"--awb-bg-blend:overlay;--awb-bg-size:cover;width:25%;width:calc(25% - ( ( 4% + 4% ) * 0.25 ) );margin-right: 4%;\" data-animationType=\"fadeInLeft\" data-animationDuration=\"1.0\" data-animationOffset=\"top-into-view\"><div class=\"fusion-column-wrapper fusion-column-has-shadow fusion-flex-column-wrapper-legacy\"><div class=\"fusion-column-content-centered\"><div class=\"fusion-column-content\"><div class=\"fusion-image-element fusion-image-align-left in-legacy-container\" style=\"text-align:left;--awb-max-width:80%;--awb-caption-title-font-family:var(--h2_typography-font-family);--awb-caption-title-font-weight:var(--h2_typography-font-weight);--awb-caption-title-font-style:var(--h2_typography-font-style);--awb-caption-title-size:var(--h2_typography-font-size);--awb-caption-title-transform:var(--h2_typography-text-transform);--awb-caption-title-line-height:var(--h2_typography-line-height);--awb-caption-title-letter-spacing:var(--h2_typography-letter-spacing);\"><span class=\" fusion-imageframe imageframe-none imageframe-1 hover-type-none\" style=\"margin-right:25px;float:left;\"><img loading=\"lazy\" decoding=\"async\" width=\"248\" height=\"450\" alt=\"Sandwirth\" title=\"Kulinarik_Links\" src=\"https:\/\/sandwirth.at\/wp-content\/uploads\/2019\/06\/Kulinarik_Links.jpg\" class=\"img-responsive wp-image-3616\" srcset=\"https:\/\/sandwirth.at\/wp-content\/uploads\/2019\/06\/Kulinarik_Links-200x363.jpg 200w, https:\/\/sandwirth.at\/wp-content\/uploads\/2019\/06\/Kulinarik_Links.jpg 248w\" sizes=\"auto, (max-width: 800px) 100vw, 248px\" \/><\/span><\/div><\/div><\/div><div class=\"fusion-clearfix\"><\/div><\/div><\/div><div class=\"fusion-layout-column fusion_builder_column fusion-builder-column-1 fusion_builder_column_1_2 1_2 fusion-one-half introbx\" style=\"--awb-padding-top:20px;--awb-padding-right:30px;--awb-padding-bottom:20px;--awb-padding-left:30px;--awb-bg-blend:overlay;--awb-bg-size:cover;--awb-margin-top:-20px;width:50%;width:calc(50% - ( ( 4% + 4% ) * 0.5 ) );margin-right: 4%;\"><div class=\"fusion-column-wrapper fusion-column-has-shadow fusion-flex-column-wrapper-legacy\"><div class=\"fusion-column-content-centered\"><div class=\"fusion-column-content\"><div class=\"fusion-text fusion-text-1\"><h6 style=\"text-align: center;\">We cook fresh regional food with love<\/h6>\n<p><img loading=\"lazy\" decoding=\"async\" class=\"aligncenter wp-image-529\" src=\"https:\/\/sandwirth.at\/wp-content\/uploads\/2019\/04\/karo.png\" alt=\"karo\" width=\"54\" height=\"8\" srcset=\"https:\/\/sandwirth.at\/wp-content\/uploads\/2019\/04\/karo-200x29.png 200w, https:\/\/sandwirth.at\/wp-content\/uploads\/2019\/04\/karo.png 217w\" sizes=\"auto, (max-width: 54px) 100vw, 54px\" \/><\/p>\n<h1 style=\"text-align: center;\">Lunch &amp; dinner in our restaurant in Klagenfurt<\/h1>\n<p style=\"text-align: center;\">Preparing food fresh for our guests &#8211; that is a great concern for us. With a lot of love, the kitchen crew in our restaurant conjures up regional and international dishes on the table. And that at lunchtime and also in the evening! By the way, connoisseurs of plant-based dishes also get their money&#8217;s worth in our restaurant. Thus, all guests with their respective food preferences are in good hands with us.<\/p>\n<p style=\"text-align: center;\">As a Slow Food business and member of the AMA GENUSSREGION, chef Gregor attaches great importance to cooking seasonally and preferably using fresh ingredients and products from the region. These efforts have now also been recognised by Genussland K\u00e4rnten: We are now allowed to use the title &#8220;Genuss Wirt K\u00e4rnten&#8221;.<\/p>\n<p style=\"text-align: center;\">Our guests should not miss the legendary SANDWIRTH PUDDING. We prepare it according to the original recipe of Franziska Jamek, the good soul of the house in the first half of the 20th century. The legendary hazelnut souffl\u00e9 is the flagship of the house and, so to speak, the Sacher cake of Klagenfurt.<\/p>\n<\/div><div class=\"fusion-sep-clear\"><\/div><div class=\"fusion-separator fusion-full-width-sep\" style=\"margin-left: auto;margin-right: auto;margin-top:10px;margin-bottom:10px;width:100%;\"><\/div><div class=\"fusion-sep-clear\"><\/div><div class=\"fusion-aligncenter\"><a class=\"fusion-button button-flat fusion-button-default-size button-default fusion-button-default button-1 fusion-button-default-span fusion-button-default-type\" target=\"_self\" href=\"https:\/\/app.resmio.com\/restaurant-sandwirth\/widget?fullscreen=true&amp;backgroundColor=%23e6e8e6&amp;color=%23370f14&amp;commentsDisabled=false&amp;facebookLogin=true&amp;fontSize=14px&amp;height=400&amp;linkBackgroundColor=%23e6372d&amp;newsletterSignup=true&amp;width=275\"><span class=\"fusion-button-text awb-button__text awb-button__text--default\">table reservation<\/span><\/a><\/div><\/div><\/div><div class=\"fusion-clearfix\"><\/div><\/div><\/div><div class=\"fusion-layout-column fusion_builder_column fusion-builder-column-2 fusion_builder_column_1_4 1_4 fusion-one-fourth fusion-column-last fusion-no-small-visibility fusion-no-medium-visibility fusion-animated floatrght\" style=\"--awb-bg-blend:overlay;--awb-bg-size:cover;width:25%;width:calc(25% - ( ( 4% + 4% ) * 0.25 ) );\" data-animationType=\"fadeInRight\" data-animationDuration=\"1.0\" data-animationOffset=\"top-into-view\"><div class=\"fusion-column-wrapper fusion-column-has-shadow fusion-flex-column-wrapper-legacy\"><div class=\"fusion-column-content-centered\"><div class=\"fusion-column-content\"><div class=\"fusion-image-element fusion-image-align-right in-legacy-container\" style=\"text-align:right;--awb-max-width:80%;--awb-caption-title-font-family:var(--h2_typography-font-family);--awb-caption-title-font-weight:var(--h2_typography-font-weight);--awb-caption-title-font-style:var(--h2_typography-font-style);--awb-caption-title-size:var(--h2_typography-font-size);--awb-caption-title-transform:var(--h2_typography-text-transform);--awb-caption-title-line-height:var(--h2_typography-line-height);--awb-caption-title-letter-spacing:var(--h2_typography-letter-spacing);\"><span class=\" fusion-imageframe imageframe-none imageframe-2 hover-type-none\" style=\"margin-left:25px;float:right;\"><img loading=\"lazy\" decoding=\"async\" width=\"248\" height=\"450\" alt=\"Mittag- &amp; Abendessen\" title=\"Kulinarik_Rechts\" src=\"https:\/\/sandwirth.at\/wp-content\/uploads\/2019\/06\/Kulinarik_Rechts.jpg\" class=\"img-responsive wp-image-3618\" srcset=\"https:\/\/sandwirth.at\/wp-content\/uploads\/2019\/06\/Kulinarik_Rechts-200x363.jpg 200w, https:\/\/sandwirth.at\/wp-content\/uploads\/2019\/06\/Kulinarik_Rechts.jpg 248w\" sizes=\"auto, (max-width: 800px) 100vw, 248px\" \/><\/span><\/div><\/div><\/div><div class=\"fusion-clearfix\"><\/div><\/div><\/div><\/div><\/div><div class=\"fusion-fullwidth fullwidth-box fusion-builder-row-2 nonhundred-percent-fullwidth non-hundred-percent-height-scrolling fusion-equal-height-columns\" style=\"--awb-border-radius-top-left:0px;--awb-border-radius-top-right:0px;--awb-border-radius-bottom-right:0px;--awb-border-radius-bottom-left:0px;--awb-padding-top:80px;--awb-padding-right:0px;--awb-padding-bottom:80px;--awb-padding-left:0px;--awb-margin-top:20px;--awb-margin-bottom:0px;--awb-background-color:#f7f7f7;--awb-flex-wrap:wrap;\" ><div class=\"fusion-builder-row fusion-row\"><div class=\"fusion-layout-column fusion_builder_column fusion-builder-column-3 fusion_builder_column_1_2 1_2 fusion-one-half fusion-column-first fusion-animated mouseover resetmargin\" style=\"--awb-padding-top:40px;--awb-padding-right:40px;--awb-padding-bottom:40px;--awb-padding-left:40px;--awb-bg-color:#ffffff;--awb-bg-color-hover:#ffffff;--awb-bg-position:left bottom;--awb-bg-size:cover;--awb-box-shadow:0px 0px 0px 0px #e2e2e2;;--awb-border-color:#eceae4;--awb-border-top:2px;--awb-border-right:2px;--awb-border-bottom:2px;--awb-border-left:2px;--awb-border-style:solid;--awb-margin-top:-150px;width:50%;width:calc(50% - ( ( 2% ) * 0.5 ) );margin-right: 2%;\" data-animationType=\"fadeInLeft\" data-animationDuration=\"1.0\" data-animationOffset=\"top-into-view\"><div class=\"fusion-column-wrapper fusion-column-has-shadow fusion-flex-column-wrapper-legacy\"><div class=\"fusion-title title fusion-title-1 fusion-sep-none fusion-title-text fusion-title-size-six\" style=\"--awb-margin-bottom:20px;--awb-margin-top-small:0px;--awb-margin-right-small:0px;--awb-margin-bottom-small:0px;--awb-margin-left-small:0px;--awb-font-size:18px;\"><h6 class=\"fusion-title-heading title-heading-left fusion-responsive-typography-calculated\" style=\"margin:0;font-size:1em;--fontSize:18;--minFontSize:18;line-height:1.56;\">KITCHEN OPENING TIMES<\/h6><\/div><div class=\"fusion-text fusion-text-2\"><p><strong>Kitchen opening hours<\/strong><br \/>\nLunch: 11. a.m.\u2013 2 p.m. (Mon-Sat)<span style=\"color: #e6372d;\"><br \/>\n<\/span>Dinner: 6.30 p.m. \u2013 9 p.m. (Mon-Sat)<\/p>\n<p>On public holidays the kitchen is closed; breakfast is possible every day.<br \/>\nSmall snacks are available all day, even outside the kitchen opening times.<\/p>\n<p><strong>Opening hours caf\u00e9 &amp; bar<\/strong><br \/>\nFrom Monday to Saturday: 7 a.m. \u2013 11:30 p.m.<br \/>\nSunday and public holidays: 7 a.m. \u2013 11 p.m.<\/p>\n<\/div><div class=\"fusion-sep-clear\"><\/div><div class=\"fusion-separator fusion-full-width-sep\" style=\"margin-left: auto;margin-right: auto;margin-top:15px;margin-bottom:15px;width:100%;\"><\/div><div class=\"fusion-sep-clear\"><\/div><div class=\"fusion-alignleft\"><a class=\"fusion-button button-flat fusion-button-default-size button-custom fusion-button-default button-2 fusion-button-default-span fusion-button-default-type buttonpad\" style=\"--button_accent_color:#ffffff;--button_accent_hover_color:#ffffff;--button_border_hover_color:#ffffff;--button_gradient_top_color:#e6372d;--button_gradient_bottom_color:#e6372d;--button_gradient_top_color_hover:#e6372d;--button_gradient_bottom_color_hover:#e6372d;\" target=\"_self\" href=\"tel:004346356209504\"><span class=\"fusion-button-text awb-button__text awb-button__text--default\">Phone Inquiry<\/span><i class=\"fa-phone fas awb-button__icon awb-button__icon--default button-icon-right\" aria-hidden=\"true\"><\/i><\/a><\/div><div class=\"fusion-alignleft\"><a class=\"fusion-button button-flat fusion-button-default-size button-custom fusion-button-default button-3 fusion-button-default-span fusion-button-default-type\" style=\"--button_accent_color:#ffffff;--button_accent_hover_color:#ffffff;--button_border_hover_color:#ffffff;--button_gradient_top_color:#e6372d;--button_gradient_bottom_color:#e6372d;--button_gradient_top_color_hover:#e6372d;--button_gradient_bottom_color_hover:#e6372d;\" target=\"_self\" href=\"mailto:restaurant@sandwirth.at\"><span class=\"fusion-button-text awb-button__text awb-button__text--default\">Email Inquiry<\/span><i class=\"fa-envelope fas awb-button__icon awb-button__icon--default button-icon-right\" aria-hidden=\"true\"><\/i><\/a><\/div><div class=\"fusion-clearfix\"><\/div><\/div><\/div><div class=\"fusion-layout-column fusion_builder_column fusion-builder-column-4 fusion_builder_column_1_2 1_2 fusion-one-half fusion-column-last fusion-animated resetmargin\" style=\"--awb-padding-top:40px;--awb-padding-right:40px;--awb-padding-bottom:40px;--awb-padding-left:40px;--awb-bg-color:#eceae4;--awb-bg-color-hover:#eceae4;--awb-bg-position:left bottom;--awb-bg-size:cover;--awb-box-shadow:0px 0px 0px 0px #e2e2e2;;--awb-margin-top:-150px;width:50%;width:calc(50% - ( ( 2% ) * 0.5 ) );\" data-animationType=\"fadeInLeft\" data-animationDuration=\"1.0\" data-animationOffset=\"top-into-view\"><div class=\"fusion-column-wrapper fusion-column-has-shadow fusion-flex-column-wrapper-legacy\"><div class=\"awb-gallery-wrapper awb-gallery-wrapper-1 button-span-no\"><div style=\"margin:-5px;--awb-bordersize:0px;\" class=\"fusion-gallery fusion-gallery-container fusion-grid-2 fusion-columns-total-4 fusion-gallery-layout-grid fusion-gallery-1\"><div style=\"padding:5px;\" class=\"fusion-grid-column fusion-gallery-column fusion-gallery-column-2 hover-type-none\"><div class=\"fusion-gallery-image\"><a href=\"https:\/\/sandwirth.at\/wp-content\/uploads\/2023\/01\/beeftatar.jpg\" rel=\"noreferrer\" data-rel=\"iLightbox[gallery_image_1]\" class=\"fusion-lightbox\" target=\"_self\"><img loading=\"lazy\" decoding=\"async\" src=\"https:\/\/sandwirth.at\/wp-content\/uploads\/2023\/01\/beeftatar.jpg\" width=\"800\" height=\"1200\" alt=\"Beef Tatar\" title=\"beeftatar\" aria-label=\"beeftatar\" class=\"img-responsive wp-image-9840\" srcset=\"https:\/\/sandwirth.at\/wp-content\/uploads\/2023\/01\/beeftatar-200x300.jpg 200w, https:\/\/sandwirth.at\/wp-content\/uploads\/2023\/01\/beeftatar-400x600.jpg 400w, https:\/\/sandwirth.at\/wp-content\/uploads\/2023\/01\/beeftatar-600x900.jpg 600w, https:\/\/sandwirth.at\/wp-content\/uploads\/2023\/01\/beeftatar.jpg 800w\" sizes=\"auto, (min-width: 2200px) 100vw, (min-width: 712px) 548px, (min-width: 640px) 712px, \" \/><\/a><\/div><\/div><div style=\"padding:5px;\" class=\"fusion-grid-column fusion-gallery-column fusion-gallery-column-2 hover-type-none\"><div class=\"fusion-gallery-image\"><a href=\"https:\/\/sandwirth.at\/wp-content\/uploads\/2023\/01\/galadinner.jpg\" rel=\"noreferrer\" data-rel=\"iLightbox[gallery_image_1]\" class=\"fusion-lightbox\" target=\"_self\"><img loading=\"lazy\" decoding=\"async\" src=\"https:\/\/sandwirth.at\/wp-content\/uploads\/2023\/01\/galadinner.jpg\" width=\"800\" height=\"1200\" alt=\"Gala Dinner Sandwirth\" title=\"galadinner\" aria-label=\"galadinner\" class=\"img-responsive wp-image-9846\" srcset=\"https:\/\/sandwirth.at\/wp-content\/uploads\/2023\/01\/galadinner-200x300.jpg 200w, https:\/\/sandwirth.at\/wp-content\/uploads\/2023\/01\/galadinner-400x600.jpg 400w, https:\/\/sandwirth.at\/wp-content\/uploads\/2023\/01\/galadinner-600x900.jpg 600w, https:\/\/sandwirth.at\/wp-content\/uploads\/2023\/01\/galadinner.jpg 800w\" sizes=\"auto, (min-width: 2200px) 100vw, (min-width: 712px) 548px, (min-width: 640px) 712px, \" \/><\/a><\/div><\/div><div class=\"clearfix\"><\/div><div style=\"padding:5px;\" class=\"fusion-grid-column fusion-gallery-column fusion-gallery-column-2 hover-type-none\"><div class=\"fusion-gallery-image\"><a href=\"https:\/\/sandwirth.at\/wp-content\/uploads\/2023\/01\/fr\u00fchst\u00fcck-m\u00fcsli.jpg\" rel=\"noreferrer\" data-rel=\"iLightbox[gallery_image_1]\" class=\"fusion-lightbox\" target=\"_self\"><img loading=\"lazy\" decoding=\"async\" src=\"https:\/\/sandwirth.at\/wp-content\/uploads\/2023\/01\/fr\u00fchst\u00fcck-m\u00fcsli.jpg\" width=\"1200\" height=\"800\" alt=\"Fr\u00fchst\u00fcck Sandwirth M\u00fcsli\" title=\"fr\u00fchst\u00fcck-m\u00fcsli\" aria-label=\"fr\u00fchst\u00fcck-m\u00fcsli\" class=\"img-responsive wp-image-9861\" srcset=\"https:\/\/sandwirth.at\/wp-content\/uploads\/2023\/01\/fr\u00fchst\u00fcck-m\u00fcsli-200x133.jpg 200w, https:\/\/sandwirth.at\/wp-content\/uploads\/2023\/01\/fr\u00fchst\u00fcck-m\u00fcsli-400x267.jpg 400w, https:\/\/sandwirth.at\/wp-content\/uploads\/2023\/01\/fr\u00fchst\u00fcck-m\u00fcsli-600x400.jpg 600w, https:\/\/sandwirth.at\/wp-content\/uploads\/2023\/01\/fr\u00fchst\u00fcck-m\u00fcsli-800x533.jpg 800w, https:\/\/sandwirth.at\/wp-content\/uploads\/2023\/01\/fr\u00fchst\u00fcck-m\u00fcsli.jpg 1200w\" sizes=\"auto, (min-width: 2200px) 100vw, (min-width: 712px) 548px, (min-width: 640px) 712px, \" \/><\/a><\/div><\/div><div style=\"padding:5px;\" class=\"fusion-grid-column fusion-gallery-column fusion-gallery-column-2 hover-type-none\"><div class=\"fusion-gallery-image\"><a href=\"https:\/\/sandwirth.at\/wp-content\/uploads\/2023\/01\/sandwirth-pudding.jpg\" rel=\"noreferrer\" data-rel=\"iLightbox[gallery_image_1]\" class=\"fusion-lightbox\" target=\"_self\"><img loading=\"lazy\" decoding=\"async\" src=\"https:\/\/sandwirth.at\/wp-content\/uploads\/2023\/01\/sandwirth-pudding.jpg\" width=\"1200\" height=\"800\" alt=\"Sandwirth Pudding\" title=\"sandwirth-pudding\" aria-label=\"sandwirth-pudding\" class=\"img-responsive wp-image-9858\" srcset=\"https:\/\/sandwirth.at\/wp-content\/uploads\/2023\/01\/sandwirth-pudding-200x133.jpg 200w, https:\/\/sandwirth.at\/wp-content\/uploads\/2023\/01\/sandwirth-pudding-400x267.jpg 400w, https:\/\/sandwirth.at\/wp-content\/uploads\/2023\/01\/sandwirth-pudding-600x400.jpg 600w, https:\/\/sandwirth.at\/wp-content\/uploads\/2023\/01\/sandwirth-pudding-800x533.jpg 800w, https:\/\/sandwirth.at\/wp-content\/uploads\/2023\/01\/sandwirth-pudding.jpg 1200w\" sizes=\"auto, (min-width: 2200px) 100vw, (min-width: 712px) 548px, (min-width: 640px) 712px, \" \/><\/a><\/div><\/div><div class=\"clearfix\"><\/div><\/div><\/div><div class=\"fusion-clearfix\"><\/div><\/div><\/div><\/div><\/div><\/p>\n","protected":false},"excerpt":{"rendered":"","protected":false},"author":1,"featured_media":0,"parent":0,"menu_order":0,"comment_status":"closed","ping_status":"closed","template":"100-width.php","meta":{"footnotes":""},"class_list":["post-3966","page","type-page","status-publish","hentry"],"yoast_head":"<!-- This site is optimized with the Yoast SEO plugin v27.3 - https:\/\/yoast.com\/product\/yoast-seo-wordpress\/ -->\n<title>Lunch &amp; Dinner | Der Sandwirth<\/title>\n<meta name=\"description\" content=\"Lunch and dinner at the Sandwirth restaurant in Klagenfurt. Regional and international dishes, freshly and lovingly prepared!\" \/>\n<meta name=\"robots\" content=\"index, follow, max-snippet:-1, max-image-preview:large, max-video-preview:-1\" \/>\n<link rel=\"canonical\" href=\"https:\/\/sandwirth.at\/en\/lunch-dinner\/\" \/>\n<meta property=\"og:locale\" content=\"en_US\" \/>\n<meta property=\"og:type\" content=\"article\" \/>\n<meta property=\"og:title\" content=\"Lunch &amp; Dinner | Der Sandwirth\" \/>\n<meta property=\"og:description\" content=\"Lunch and dinner at the Sandwirth restaurant in Klagenfurt. Regional and international dishes, freshly and lovingly prepared!\" \/>\n<meta property=\"og:url\" content=\"https:\/\/sandwirth.at\/en\/lunch-dinner\/\" \/>\n<meta property=\"og:site_name\" content=\"Der Sandwirth\" \/>\n<meta property=\"article:publisher\" content=\"https:\/\/www.facebook.com\/derSandwirth\" \/>\n<meta property=\"article:modified_time\" content=\"2026-01-12T07:48:56+00:00\" \/>\n<meta property=\"og:image\" content=\"https:\/\/sandwirth.at\/wp-content\/uploads\/2019\/04\/karo.png\" \/>\n<meta name=\"twitter:card\" content=\"summary_large_image\" \/>\n<meta name=\"twitter:label1\" content=\"Est. reading time\" \/>\n\t<meta name=\"twitter:data1\" content=\"3 minutes\" \/>\n<script type=\"application\/ld+json\" class=\"yoast-schema-graph\">{\"@context\":\"https:\\\/\\\/schema.org\",\"@graph\":[{\"@type\":\"WebPage\",\"@id\":\"https:\\\/\\\/sandwirth.at\\\/en\\\/lunch-dinner\\\/\",\"url\":\"https:\\\/\\\/sandwirth.at\\\/en\\\/lunch-dinner\\\/\",\"name\":\"Lunch & Dinner | Der Sandwirth\",\"isPartOf\":{\"@id\":\"https:\\\/\\\/sandwirth.at\\\/#website\"},\"primaryImageOfPage\":{\"@id\":\"https:\\\/\\\/sandwirth.at\\\/en\\\/lunch-dinner\\\/#primaryimage\"},\"image\":{\"@id\":\"https:\\\/\\\/sandwirth.at\\\/en\\\/lunch-dinner\\\/#primaryimage\"},\"thumbnailUrl\":\"https:\\\/\\\/sandwirth.at\\\/wp-content\\\/uploads\\\/2019\\\/04\\\/karo.png\",\"datePublished\":\"2019-04-29T11:05:20+00:00\",\"dateModified\":\"2026-01-12T07:48:56+00:00\",\"description\":\"Lunch and dinner at the Sandwirth restaurant in Klagenfurt. Regional and international dishes, freshly and lovingly prepared!\",\"breadcrumb\":{\"@id\":\"https:\\\/\\\/sandwirth.at\\\/en\\\/lunch-dinner\\\/#breadcrumb\"},\"inLanguage\":\"en-US\",\"potentialAction\":[{\"@type\":\"ReadAction\",\"target\":[\"https:\\\/\\\/sandwirth.at\\\/en\\\/lunch-dinner\\\/\"]}]},{\"@type\":\"ImageObject\",\"inLanguage\":\"en-US\",\"@id\":\"https:\\\/\\\/sandwirth.at\\\/en\\\/lunch-dinner\\\/#primaryimage\",\"url\":\"https:\\\/\\\/sandwirth.at\\\/wp-content\\\/uploads\\\/2019\\\/04\\\/karo.png\",\"contentUrl\":\"https:\\\/\\\/sandwirth.at\\\/wp-content\\\/uploads\\\/2019\\\/04\\\/karo.png\"},{\"@type\":\"BreadcrumbList\",\"@id\":\"https:\\\/\\\/sandwirth.at\\\/en\\\/lunch-dinner\\\/#breadcrumb\",\"itemListElement\":[{\"@type\":\"ListItem\",\"position\":1,\"name\":\"Home\",\"item\":\"https:\\\/\\\/sandwirth.at\\\/en\\\/\"},{\"@type\":\"ListItem\",\"position\":2,\"name\":\"Lunch &#038; Dinner\"}]},{\"@type\":\"WebSite\",\"@id\":\"https:\\\/\\\/sandwirth.at\\\/#website\",\"url\":\"https:\\\/\\\/sandwirth.at\\\/\",\"name\":\"Der Sandwirth\",\"description\":\"Hotel in Klagenfurt am W\u00f6rthersee\",\"publisher\":{\"@id\":\"https:\\\/\\\/sandwirth.at\\\/#organization\"},\"potentialAction\":[{\"@type\":\"SearchAction\",\"target\":{\"@type\":\"EntryPoint\",\"urlTemplate\":\"https:\\\/\\\/sandwirth.at\\\/?s={search_term_string}\"},\"query-input\":{\"@type\":\"PropertyValueSpecification\",\"valueRequired\":true,\"valueName\":\"search_term_string\"}}],\"inLanguage\":\"en-US\"},{\"@type\":\"Organization\",\"@id\":\"https:\\\/\\\/sandwirth.at\\\/#organization\",\"name\":\"Der Sandwirth\",\"url\":\"https:\\\/\\\/sandwirth.at\\\/\",\"logo\":{\"@type\":\"ImageObject\",\"inLanguage\":\"en-US\",\"@id\":\"https:\\\/\\\/sandwirth.at\\\/#\\\/schema\\\/logo\\\/image\\\/\",\"url\":\"https:\\\/\\\/sandwirth.at\\\/wp-content\\\/uploads\\\/2019\\\/04\\\/sw-logo.png\",\"contentUrl\":\"https:\\\/\\\/sandwirth.at\\\/wp-content\\\/uploads\\\/2019\\\/04\\\/sw-logo.png\",\"width\":1172,\"height\":415,\"caption\":\"Der Sandwirth\"},\"image\":{\"@id\":\"https:\\\/\\\/sandwirth.at\\\/#\\\/schema\\\/logo\\\/image\\\/\"},\"sameAs\":[\"https:\\\/\\\/www.facebook.com\\\/derSandwirth\",\"https:\\\/\\\/www.instagram.com\\\/der_sandwirth\\\/\"]}]}<\/script>\n<!-- \/ Yoast SEO plugin. -->","yoast_head_json":{"title":"Lunch & Dinner | Der Sandwirth","description":"Lunch and dinner at the Sandwirth restaurant in Klagenfurt. Regional and international dishes, freshly and lovingly prepared!","robots":{"index":"index","follow":"follow","max-snippet":"max-snippet:-1","max-image-preview":"max-image-preview:large","max-video-preview":"max-video-preview:-1"},"canonical":"https:\/\/sandwirth.at\/en\/lunch-dinner\/","og_locale":"en_US","og_type":"article","og_title":"Lunch & Dinner | Der Sandwirth","og_description":"Lunch and dinner at the Sandwirth restaurant in Klagenfurt. Regional and international dishes, freshly and lovingly prepared!","og_url":"https:\/\/sandwirth.at\/en\/lunch-dinner\/","og_site_name":"Der Sandwirth","article_publisher":"https:\/\/www.facebook.com\/derSandwirth","article_modified_time":"2026-01-12T07:48:56+00:00","og_image":[{"url":"https:\/\/sandwirth.at\/wp-content\/uploads\/2019\/04\/karo.png","type":"","width":"","height":""}],"twitter_card":"summary_large_image","twitter_misc":{"Est. reading time":"3 minutes"},"schema":{"@context":"https:\/\/schema.org","@graph":[{"@type":"WebPage","@id":"https:\/\/sandwirth.at\/en\/lunch-dinner\/","url":"https:\/\/sandwirth.at\/en\/lunch-dinner\/","name":"Lunch & Dinner | Der Sandwirth","isPartOf":{"@id":"https:\/\/sandwirth.at\/#website"},"primaryImageOfPage":{"@id":"https:\/\/sandwirth.at\/en\/lunch-dinner\/#primaryimage"},"image":{"@id":"https:\/\/sandwirth.at\/en\/lunch-dinner\/#primaryimage"},"thumbnailUrl":"https:\/\/sandwirth.at\/wp-content\/uploads\/2019\/04\/karo.png","datePublished":"2019-04-29T11:05:20+00:00","dateModified":"2026-01-12T07:48:56+00:00","description":"Lunch and dinner at the Sandwirth restaurant in Klagenfurt. Regional and international dishes, freshly and lovingly prepared!","breadcrumb":{"@id":"https:\/\/sandwirth.at\/en\/lunch-dinner\/#breadcrumb"},"inLanguage":"en-US","potentialAction":[{"@type":"ReadAction","target":["https:\/\/sandwirth.at\/en\/lunch-dinner\/"]}]},{"@type":"ImageObject","inLanguage":"en-US","@id":"https:\/\/sandwirth.at\/en\/lunch-dinner\/#primaryimage","url":"https:\/\/sandwirth.at\/wp-content\/uploads\/2019\/04\/karo.png","contentUrl":"https:\/\/sandwirth.at\/wp-content\/uploads\/2019\/04\/karo.png"},{"@type":"BreadcrumbList","@id":"https:\/\/sandwirth.at\/en\/lunch-dinner\/#breadcrumb","itemListElement":[{"@type":"ListItem","position":1,"name":"Home","item":"https:\/\/sandwirth.at\/en\/"},{"@type":"ListItem","position":2,"name":"Lunch &#038; Dinner"}]},{"@type":"WebSite","@id":"https:\/\/sandwirth.at\/#website","url":"https:\/\/sandwirth.at\/","name":"Der Sandwirth","description":"Hotel in Klagenfurt am W\u00f6rthersee","publisher":{"@id":"https:\/\/sandwirth.at\/#organization"},"potentialAction":[{"@type":"SearchAction","target":{"@type":"EntryPoint","urlTemplate":"https:\/\/sandwirth.at\/?s={search_term_string}"},"query-input":{"@type":"PropertyValueSpecification","valueRequired":true,"valueName":"search_term_string"}}],"inLanguage":"en-US"},{"@type":"Organization","@id":"https:\/\/sandwirth.at\/#organization","name":"Der Sandwirth","url":"https:\/\/sandwirth.at\/","logo":{"@type":"ImageObject","inLanguage":"en-US","@id":"https:\/\/sandwirth.at\/#\/schema\/logo\/image\/","url":"https:\/\/sandwirth.at\/wp-content\/uploads\/2019\/04\/sw-logo.png","contentUrl":"https:\/\/sandwirth.at\/wp-content\/uploads\/2019\/04\/sw-logo.png","width":1172,"height":415,"caption":"Der Sandwirth"},"image":{"@id":"https:\/\/sandwirth.at\/#\/schema\/logo\/image\/"},"sameAs":["https:\/\/www.facebook.com\/derSandwirth","https:\/\/www.instagram.com\/der_sandwirth\/"]}]}},"_links":{"self":[{"href":"https:\/\/sandwirth.at\/en\/wp-json\/wp\/v2\/pages\/3966","targetHints":{"allow":["GET"]}}],"collection":[{"href":"https:\/\/sandwirth.at\/en\/wp-json\/wp\/v2\/pages"}],"about":[{"href":"https:\/\/sandwirth.at\/en\/wp-json\/wp\/v2\/types\/page"}],"author":[{"embeddable":true,"href":"https:\/\/sandwirth.at\/en\/wp-json\/wp\/v2\/users\/1"}],"replies":[{"embeddable":true,"href":"https:\/\/sandwirth.at\/en\/wp-json\/wp\/v2\/comments?post=3966"}],"version-history":[{"count":0,"href":"https:\/\/sandwirth.at\/en\/wp-json\/wp\/v2\/pages\/3966\/revisions"}],"wp:attachment":[{"href":"https:\/\/sandwirth.at\/en\/wp-json\/wp\/v2\/media?parent=3966"}],"curies":[{"name":"wp","href":"https:\/\/api.w.org\/{rel}","templated":true}]}}