{"id":4469,"date":"2019-04-25T10:13:44","date_gmt":"2019-04-25T08:13:44","guid":{"rendered":"https:\/\/sandwirth.at\/imprint\/"},"modified":"2025-10-30T09:40:50","modified_gmt":"2025-10-30T08:40:50","slug":"impronta","status":"publish","type":"page","link":"https:\/\/sandwirth.at\/it\/impronta\/","title":{"rendered":"Impronta"},"content":{"rendered":"<div class=\"fusion-fullwidth fullwidth-box fusion-builder-row-1 nonhundred-percent-fullwidth non-hundred-percent-height-scrolling\" style=\"--awb-border-radius-top-left:0px;--awb-border-radius-top-right:0px;--awb-border-radius-bottom-right:0px;--awb-border-radius-bottom-left:0px;--awb-flex-wrap:wrap;\" ><div class=\"fusion-builder-row fusion-row\"><div class=\"fusion-layout-column fusion_builder_column fusion-builder-column-0 fusion_builder_column_1_1 1_1 fusion-one-full fusion-column-first fusion-column-last\" style=\"--awb-bg-blend:overlay;--awb-bg-size:cover;\"><div class=\"fusion-column-wrapper fusion-column-has-shadow fusion-flex-column-wrapper-legacy\"><div class=\"fusion-text fusion-text-1\"><h1>Impronta<\/h1>\n<p><strong>Hotel Sandwirth GmbH<br \/>\n<\/strong>Pernhartgasse 9<br \/>\nA-9020 Klagenfurt<\/p>\n<p>TEL: +43 463 56209<br \/>\nFAX: +43 463 514322<br \/>\nhotel@sandwirth.at<\/p>\n<p>P.IVA n.: ATU 53772500<br \/>\nNumero registro imprese: FN 219712 g<br \/>\nForo competente: tribunale di Klagenfurt<\/p>\n<p>Socio amministratore di maggioranza: Helvig Eva Kanduth<\/p>\n<h3><a href=\"https:\/\/firmen.wko.at\/hotel-sandwirth-gmbh-hotel-sandwirth-gmbh\/k%C3%A4rnten\/?firmaid=450b5317-946b-4abd-8ef5-5462e1f710b2\" target=\"_blank\" rel=\"noopener\">\u2192 WKO Firmen A-Z<\/a><\/h3>\n<h3>Copyright e termini di utilizzo<\/h3>\n<p>Il contenuto di questo sito web \u00e8 protetto da copyright. La totalit\u00e0 di contenuti, testi, grafica e fotografie \u00e8 di propriet\u00e0 dell\u2019Hotel Sandwirth GmbH; tutti i diritti riservati. Alcuni contenuti potrebbero anche essere soggetti ai termini di copyright e di utilizzo dei nostri partner o fornitori.<\/p>\n<p>La fornitura di contenuti e immagini di questo sito web su altri siti web \u00e8 consentita solo con l&#8217;esplicito consenso dell\u2019Hotel Sandwirth GmbH. Le informazioni contenute in questo sito web sono in buona fede e vengono controllate con estrema cura per amore di precisione. Tuttavia non \u00e8 possibile escludere del tutto errori fattuali e di contenuto.<\/p>\n<p>L\u2019Hotel Sandwirth GmbH non fornisce garanzie e non si assume alcuna responsabilit\u00e0 in merito alla correttezza, attualit\u00e0 e completezza delle informazioni fornite. Tutte le informazioni escludono ogni garanzia. Ci\u00f2 vale anche per tutti i collegamenti ad altri URL citati nel nostro sito web.<\/p>\n<h3>Responsabilit\u00e0 in merito ai collegamenti<\/h3>\n<p>Nonostante accurati controlli sui contenuti, si declina ogni responsabilit\u00e0 in merito ai contenuti dei collegamenti esterni. L\u2019Hotel Sandwirth GmbH non si assume alcuna responsabilit\u00e0 per i contenuti dei siti web dei propri partner e delle imprese partecipanti a cui si fa riferimento tramite collegamenti esterni; ciascuna di tali imprese sar\u00e0 responsabile dei contenuti dei siti collegati.<\/p>\n<h3><a href=\"https:\/\/www.wko.at\/oe\/tourismus-freizeitwirtschaft\/hotellerie\/agbh-italienisch.pdf\" target=\"_blank\" rel=\"noopener\">\u2192 Condizioni Generali di Contratto per l&#8217;Industria Alberghiera<\/a><\/h3>\n<\/div><div class=\"fusion-clearfix\"><\/div><\/div><\/div><\/div><\/div>\n","protected":false},"excerpt":{"rendered":"","protected":false},"author":1,"featured_media":0,"parent":0,"menu_order":0,"comment_status":"closed","ping_status":"closed","template":"","meta":{"footnotes":""},"class_list":["post-4469","page","type-page","status-publish","hentry"],"yoast_head":"<!-- This site is optimized with the Yoast SEO plugin v27.3 - https:\/\/yoast.com\/product\/yoast-seo-wordpress\/ -->\n<title>Impronta | Der Sandwirth<\/title>\n<meta name=\"description\" content=\"Il vostro Hotel Sandwirth GmbH. Un clic per l&#039;imprinting. Ci trovate in Pernhartgasse 9, 9020 Klagenfurt!\" \/>\n<meta name=\"robots\" content=\"index, follow, max-snippet:-1, max-image-preview:large, max-video-preview:-1\" \/>\n<link rel=\"canonical\" href=\"https:\/\/sandwirth.at\/it\/impronta\/\" \/>\n<meta property=\"og:locale\" content=\"it_IT\" \/>\n<meta property=\"og:type\" content=\"article\" \/>\n<meta property=\"og:title\" content=\"Impronta | Der Sandwirth\" \/>\n<meta property=\"og:description\" content=\"Il vostro Hotel Sandwirth GmbH. Un clic per l&#039;imprinting. Ci trovate in Pernhartgasse 9, 9020 Klagenfurt!\" \/>\n<meta property=\"og:url\" content=\"https:\/\/sandwirth.at\/it\/impronta\/\" \/>\n<meta property=\"og:site_name\" content=\"Der Sandwirth\" \/>\n<meta property=\"article:publisher\" content=\"https:\/\/www.facebook.com\/derSandwirth\" \/>\n<meta property=\"article:modified_time\" content=\"2025-10-30T08:40:50+00:00\" \/>\n<meta name=\"twitter:card\" content=\"summary_large_image\" \/>\n<meta name=\"twitter:label1\" content=\"Tempo di lettura stimato\" \/>\n\t<meta name=\"twitter:data1\" content=\"2 minuti\" \/>\n<script type=\"application\/ld+json\" class=\"yoast-schema-graph\">{\"@context\":\"https:\\\/\\\/schema.org\",\"@graph\":[{\"@type\":\"WebPage\",\"@id\":\"https:\\\/\\\/sandwirth.at\\\/it\\\/impronta\\\/\",\"url\":\"https:\\\/\\\/sandwirth.at\\\/it\\\/impronta\\\/\",\"name\":\"Impronta | Der Sandwirth\",\"isPartOf\":{\"@id\":\"https:\\\/\\\/sandwirth.at\\\/#website\"},\"datePublished\":\"2019-04-25T08:13:44+00:00\",\"dateModified\":\"2025-10-30T08:40:50+00:00\",\"description\":\"Il vostro Hotel Sandwirth GmbH. Un clic per l'imprinting. Ci trovate in Pernhartgasse 9, 9020 Klagenfurt!\",\"breadcrumb\":{\"@id\":\"https:\\\/\\\/sandwirth.at\\\/it\\\/impronta\\\/#breadcrumb\"},\"inLanguage\":\"it-IT\",\"potentialAction\":[{\"@type\":\"ReadAction\",\"target\":[\"https:\\\/\\\/sandwirth.at\\\/it\\\/impronta\\\/\"]}]},{\"@type\":\"BreadcrumbList\",\"@id\":\"https:\\\/\\\/sandwirth.at\\\/it\\\/impronta\\\/#breadcrumb\",\"itemListElement\":[{\"@type\":\"ListItem\",\"position\":1,\"name\":\"Home\",\"item\":\"https:\\\/\\\/sandwirth.at\\\/it\\\/\"},{\"@type\":\"ListItem\",\"position\":2,\"name\":\"Impronta\"}]},{\"@type\":\"WebSite\",\"@id\":\"https:\\\/\\\/sandwirth.at\\\/#website\",\"url\":\"https:\\\/\\\/sandwirth.at\\\/\",\"name\":\"Der Sandwirth\",\"description\":\"Hotel in Klagenfurt am W\u00f6rthersee\",\"publisher\":{\"@id\":\"https:\\\/\\\/sandwirth.at\\\/#organization\"},\"potentialAction\":[{\"@type\":\"SearchAction\",\"target\":{\"@type\":\"EntryPoint\",\"urlTemplate\":\"https:\\\/\\\/sandwirth.at\\\/?s={search_term_string}\"},\"query-input\":{\"@type\":\"PropertyValueSpecification\",\"valueRequired\":true,\"valueName\":\"search_term_string\"}}],\"inLanguage\":\"it-IT\"},{\"@type\":\"Organization\",\"@id\":\"https:\\\/\\\/sandwirth.at\\\/#organization\",\"name\":\"Der Sandwirth\",\"url\":\"https:\\\/\\\/sandwirth.at\\\/\",\"logo\":{\"@type\":\"ImageObject\",\"inLanguage\":\"it-IT\",\"@id\":\"https:\\\/\\\/sandwirth.at\\\/#\\\/schema\\\/logo\\\/image\\\/\",\"url\":\"https:\\\/\\\/sandwirth.at\\\/wp-content\\\/uploads\\\/2019\\\/04\\\/sw-logo.png\",\"contentUrl\":\"https:\\\/\\\/sandwirth.at\\\/wp-content\\\/uploads\\\/2019\\\/04\\\/sw-logo.png\",\"width\":1172,\"height\":415,\"caption\":\"Der Sandwirth\"},\"image\":{\"@id\":\"https:\\\/\\\/sandwirth.at\\\/#\\\/schema\\\/logo\\\/image\\\/\"},\"sameAs\":[\"https:\\\/\\\/www.facebook.com\\\/derSandwirth\",\"https:\\\/\\\/www.instagram.com\\\/der_sandwirth\\\/\"]}]}<\/script>\n<!-- \/ Yoast SEO plugin. -->","yoast_head_json":{"title":"Impronta | Der Sandwirth","description":"Il vostro Hotel Sandwirth GmbH. Un clic per l'imprinting. Ci trovate in Pernhartgasse 9, 9020 Klagenfurt!","robots":{"index":"index","follow":"follow","max-snippet":"max-snippet:-1","max-image-preview":"max-image-preview:large","max-video-preview":"max-video-preview:-1"},"canonical":"https:\/\/sandwirth.at\/it\/impronta\/","og_locale":"it_IT","og_type":"article","og_title":"Impronta | Der Sandwirth","og_description":"Il vostro Hotel Sandwirth GmbH. Un clic per l'imprinting. Ci trovate in Pernhartgasse 9, 9020 Klagenfurt!","og_url":"https:\/\/sandwirth.at\/it\/impronta\/","og_site_name":"Der Sandwirth","article_publisher":"https:\/\/www.facebook.com\/derSandwirth","article_modified_time":"2025-10-30T08:40:50+00:00","twitter_card":"summary_large_image","twitter_misc":{"Tempo di lettura stimato":"2 minuti"},"schema":{"@context":"https:\/\/schema.org","@graph":[{"@type":"WebPage","@id":"https:\/\/sandwirth.at\/it\/impronta\/","url":"https:\/\/sandwirth.at\/it\/impronta\/","name":"Impronta | Der Sandwirth","isPartOf":{"@id":"https:\/\/sandwirth.at\/#website"},"datePublished":"2019-04-25T08:13:44+00:00","dateModified":"2025-10-30T08:40:50+00:00","description":"Il vostro Hotel Sandwirth GmbH. Un clic per l'imprinting. Ci trovate in Pernhartgasse 9, 9020 Klagenfurt!","breadcrumb":{"@id":"https:\/\/sandwirth.at\/it\/impronta\/#breadcrumb"},"inLanguage":"it-IT","potentialAction":[{"@type":"ReadAction","target":["https:\/\/sandwirth.at\/it\/impronta\/"]}]},{"@type":"BreadcrumbList","@id":"https:\/\/sandwirth.at\/it\/impronta\/#breadcrumb","itemListElement":[{"@type":"ListItem","position":1,"name":"Home","item":"https:\/\/sandwirth.at\/it\/"},{"@type":"ListItem","position":2,"name":"Impronta"}]},{"@type":"WebSite","@id":"https:\/\/sandwirth.at\/#website","url":"https:\/\/sandwirth.at\/","name":"Der Sandwirth","description":"Hotel in Klagenfurt am W\u00f6rthersee","publisher":{"@id":"https:\/\/sandwirth.at\/#organization"},"potentialAction":[{"@type":"SearchAction","target":{"@type":"EntryPoint","urlTemplate":"https:\/\/sandwirth.at\/?s={search_term_string}"},"query-input":{"@type":"PropertyValueSpecification","valueRequired":true,"valueName":"search_term_string"}}],"inLanguage":"it-IT"},{"@type":"Organization","@id":"https:\/\/sandwirth.at\/#organization","name":"Der Sandwirth","url":"https:\/\/sandwirth.at\/","logo":{"@type":"ImageObject","inLanguage":"it-IT","@id":"https:\/\/sandwirth.at\/#\/schema\/logo\/image\/","url":"https:\/\/sandwirth.at\/wp-content\/uploads\/2019\/04\/sw-logo.png","contentUrl":"https:\/\/sandwirth.at\/wp-content\/uploads\/2019\/04\/sw-logo.png","width":1172,"height":415,"caption":"Der Sandwirth"},"image":{"@id":"https:\/\/sandwirth.at\/#\/schema\/logo\/image\/"},"sameAs":["https:\/\/www.facebook.com\/derSandwirth","https:\/\/www.instagram.com\/der_sandwirth\/"]}]}},"_links":{"self":[{"href":"https:\/\/sandwirth.at\/it\/wp-json\/wp\/v2\/pages\/4469","targetHints":{"allow":["GET"]}}],"collection":[{"href":"https:\/\/sandwirth.at\/it\/wp-json\/wp\/v2\/pages"}],"about":[{"href":"https:\/\/sandwirth.at\/it\/wp-json\/wp\/v2\/types\/page"}],"author":[{"embeddable":true,"href":"https:\/\/sandwirth.at\/it\/wp-json\/wp\/v2\/users\/1"}],"replies":[{"embeddable":true,"href":"https:\/\/sandwirth.at\/it\/wp-json\/wp\/v2\/comments?post=4469"}],"version-history":[{"count":0,"href":"https:\/\/sandwirth.at\/it\/wp-json\/wp\/v2\/pages\/4469\/revisions"}],"wp:attachment":[{"href":"https:\/\/sandwirth.at\/it\/wp-json\/wp\/v2\/media?parent=4469"}],"curies":[{"name":"wp","href":"https:\/\/api.w.org\/{rel}","templated":true}]}}